{"id":107,"date":"2026-02-09T01:20:02","date_gmt":"2026-02-09T01:20:02","guid":{"rendered":"https:\/\/valleguanape.com\/ads\/service\/"},"modified":"2026-02-09T01:20:02","modified_gmt":"2026-02-09T01:20:02","slug":"service","status":"publish","type":"page","link":"https:\/\/valleguanape.com\/ads\/service\/","title":{"rendered":"service"},"content":{"rendered":"\n\n\n\n\n\n\n\nServicios\nNuestros Servicios\n\n\n\n\n\n\n\nModa Sostenible\nOfrecemos una selecci\u00f3n de ropa y accesorios que combinan estilo y sostenibilidad, ideales para quienes buscan cuidar el medio ambiente sin sacrificar su estilo personal.\n\n\n\n\n\n\nProductos para el Hogar\nExplore art\u00edculos para el hogar hechos con materiales eco-amigables que aportan confort y elegancia a tu espacio.\n\n\n\n\n\n\n\n\nBelleza Natural\nNuestra l\u00ednea de productos de belleza est\u00e1 formulada con ingredientes naturales, delicados con tu piel y el planeta.\n\n\n\n\n\n\n\nAccesorios Ecol\u00f3gicos\nDescubre nuestra variedad de accesorios fabricados de manera sostenible y con estilo, perfectos para cualquier ocasi\u00f3n.\n\n\n\n\n\n\nTecnolog\u00eda Sostenible\nOfrecemos dispositivos y gadgets dise\u00f1ados para ser eficientes y reducir el impacto ambiental.\n\n\n\n\n\n\n\n\nAlimentos Org\u00e1nicos\nProporcionamos una variedad de alimentos org\u00e1nicos que nutren tu cuerpo y apoyan pr\u00e1cticas agr\u00edcolas sostenibles.\n\n\n\n\n\n\n\nCaracter\u00edsticas Destacadas\n\n\n\n\n\n\n\n\n\n\n\n\nCalidad Premium\n\n\n\n\n\n\n\n\n\n\n\n\nEnfoque en Sostenibilidad\n\n\n\n\n\n\n\n\n\n\n\nA\u00f1os de experiencia en el sector sostenible\n\n\n\n\n\n\n\n\n\n\nNuestra Historia\n\n\n\n\n<span style=\"color: white;width: fit-content;font-size: 25px;text-transform: capitalize;font-weight: 600;padding: 20px 25px 20px 15px\">Innovaci\u00f3n y Sostenibilidad\n<\/span>\n\n\n<span style=\"color: white;width: fit-content;font-size: 25px;text-transform: capitalize;font-weight: 600;padding: 20px 25px 20px 15px\">Experiencia del Cliente\n<\/span>\n\n\n<span style=\"color: white;width: fit-content;font-size: 25px;text-transform: capitalize;font-weight: 600;padding: 20px 25px 20px 15px\">Comunidad Valle Guanape\n<\/span>\n\n\n<span style=\"color: white;width: fit-content;font-size: 25px;text-transform: capitalize;font-weight: 600;padding: 20px 25px 20px 15px\">Compromiso con la Calidad\n<\/span>\n\n\n\n\n\nOpciones de Precios\n\n\nPlan B\u00e1sico\nPor Mes\n99\n\nAcceso ilimitado\nDescuentos exclusivos\n\n\n\n\n\nPlan Est\u00e1ndar\nPor Mes\n149\n\nAcceso ilimitado\nDescuentos exclusivos\n\n\n\n\n\nPlan Premium\nPor Mes\n249\n\nAcceso ilimitado\nDescuentos exclusivos\n\n\n\n\n\nPlan Elite\nPor Mes\n99\n\nAcceso ilimitado\nDescuentos exclusivos\n\n\n","protected":false},"excerpt":{"rendered":"","protected":false},"author":1,"featured_media":0,"parent":0,"menu_order":0,"comment_status":"closed","ping_status":"closed","template":"","meta":{"pagelayer_contact_templates":[],"_pagelayer_content":"","footnotes":""},"class_list":["post-107","page","type-page","status-publish","hentry"],"_links":{"self":[{"href":"https:\/\/valleguanape.com\/ads\/wp-json\/wp\/v2\/pages\/107","targetHints":{"allow":["GET"]}}],"collection":[{"href":"https:\/\/valleguanape.com\/ads\/wp-json\/wp\/v2\/pages"}],"about":[{"href":"https:\/\/valleguanape.com\/ads\/wp-json\/wp\/v2\/types\/page"}],"author":[{"embeddable":true,"href":"https:\/\/valleguanape.com\/ads\/wp-json\/wp\/v2\/users\/1"}],"replies":[{"embeddable":true,"href":"https:\/\/valleguanape.com\/ads\/wp-json\/wp\/v2\/comments?post=107"}],"version-history":[{"count":1,"href":"https:\/\/valleguanape.com\/ads\/wp-json\/wp\/v2\/pages\/107\/revisions"}],"predecessor-version":[{"id":114,"href":"https:\/\/valleguanape.com\/ads\/wp-json\/wp\/v2\/pages\/107\/revisions\/114"}],"wp:attachment":[{"href":"https:\/\/valleguanape.com\/ads\/wp-json\/wp\/v2\/media?parent=107"}],"curies":[{"name":"wp","href":"https:\/\/api.w.org\/{rel}","templated":true}]}}