{"id":87,"date":"2026-02-09T01:19:49","date_gmt":"2026-02-09T01:19:49","guid":{"rendered":"https:\/\/valleguanape.com\/ads\/home\/"},"modified":"2026-02-09T01:20:02","modified_gmt":"2026-02-09T01:20:02","slug":"home","status":"publish","type":"page","link":"https:\/\/valleguanape.com\/ads\/","title":{"rendered":"Home"},"content":{"rendered":"\n\n\n\nBienvenido a Valle Guanape\n<h2>En Valle Guanape, ofrecemos una experiencia de compra excepcional, centrada en productos de alta calidad y sostenibilidad para el consumidor moderno.<\/h2>\n\n\n\n\n\n\n\n\nCont\u00e1ctanos\n\n\n\n\n\n\n\n\n\n\n\n\n\n\n\n<span style=\"font-size: 25px ! important\">2020 &#8211; Fundaci\u00f3n de Valle Guanape <\/span>\n\n\n\n\n\n\n\n\n\n\n\n\n\n\nPonte en contacto con nosotros\n\n\n\n\n\n\n\nAcerca de\nNuestra Historia\nValle Guanape es un espacio donde la sostenibilidad y la calidad se encuentran para ofrecer productos que mejoran tu vida y cuidan nuestro planeta.\n<span>Cada producto en nuestra tienda ha sido seleccionado cuidadosamente para garantizar los m\u00e1s altos est\u00e1ndares de calidad.<\/span>\n<span>Cada producto en nuestra tienda ha sido seleccionado cuidadosamente para garantizar los m\u00e1s altos est\u00e1ndares de calidad.<\/span>\n\n\n\n\n\nServicios\nNuestros Servicios\nDescubre nuestra variedad de servicios dise\u00f1ados para brindar a nuestros clientes una experiencia de compra \u00fanica y satisfactoria, desde moda hasta art\u00edculos para el hogar.\n\n\n\n\n\n\n\n\nModa Sostenible\nOfrecemos una selecci\u00f3n de ropa y accesorios que combinan estilo y sostenibilidad, ideales para quienes buscan cuidar el medio ambiente sin sacrificar su estilo personal.\n\n\n\n\n\n\n\n\nProductos para el Hogar\nExplore art\u00edculos para el hogar hechos con materiales eco-amigables que aportan confort y elegancia a tu espacio.\n\n\n\n\n\n\n\n\nBelleza Natural\nNuestra l\u00ednea de productos de belleza est\u00e1 formulada con ingredientes naturales, delicados con tu piel y el planeta.\n\n\n\n\n\n\n\n\nDatos Clave\n\n\n\n\n\n\n\n\n\n\n\n\n\n\n\n\n\n\n\n\n\nPreguntas Frecuentes\n\n\n\n\nPuedes navegar por nuestro cat\u00e1logo en l\u00ednea y seleccionar los productos que deseas. Luego, simplemente sigue el proceso de pago y te enviaremos tu pedido.\n\n\n\n\n\n\nS\u00ed, realizamos env\u00edos a varios pa\u00edses, aseg\u00farate de revisar la secci\u00f3n de env\u00edos al realizar tu pedido.\n\n\n\n\n\n\nS\u00ed, ofrecemos una pol\u00edtica de devoluci\u00f3n de 30 d\u00edas. Si no est\u00e1s satisfecho, puedes devolver el producto en su estado original.\n\n\n\n\n\n\nPor supuesto, nuestro equipo de atenci\u00f3n al cliente est\u00e1 disponible para ayudarte con cualquier inquietud que tengas.\n\n\n\n\n\n\n\n\n\n\n\nTestimonios de Clientes\nLo que nuestros clientes dicen\n\n\n\n\n\n\n\n\n\n\nSoy un cliente frecuente y siempre regresando por m\u00e1s. Me encanta su compromiso con la sostenibilidad.\n\n\n\n\n\n\n\n\n\n\n\nValle Guanape me ha proporcionado la mejor experiencia de compra. Sus productos son de calidad excepcional y realmente hacen la diferencia.\n\n\n\n\n\n\n\n\n\n\u00a1\u00danete a la Revoluci\u00f3n Sostenible!\n\n\n\n\n\n\n\n\n\n\n\n\n","protected":false},"excerpt":{"rendered":"","protected":false},"author":1,"featured_media":0,"parent":0,"menu_order":0,"comment_status":"closed","ping_status":"closed","template":"","meta":{"pagelayer_contact_templates":[],"_pagelayer_content":"","footnotes":""},"class_list":["post-87","page","type-page","status-publish","hentry"],"_links":{"self":[{"href":"https:\/\/valleguanape.com\/ads\/wp-json\/wp\/v2\/pages\/87","targetHints":{"allow":["GET"]}}],"collection":[{"href":"https:\/\/valleguanape.com\/ads\/wp-json\/wp\/v2\/pages"}],"about":[{"href":"https:\/\/valleguanape.com\/ads\/wp-json\/wp\/v2\/types\/page"}],"author":[{"embeddable":true,"href":"https:\/\/valleguanape.com\/ads\/wp-json\/wp\/v2\/users\/1"}],"replies":[{"embeddable":true,"href":"https:\/\/valleguanape.com\/ads\/wp-json\/wp\/v2\/comments?post=87"}],"version-history":[{"count":1,"href":"https:\/\/valleguanape.com\/ads\/wp-json\/wp\/v2\/pages\/87\/revisions"}],"predecessor-version":[{"id":113,"href":"https:\/\/valleguanape.com\/ads\/wp-json\/wp\/v2\/pages\/87\/revisions\/113"}],"wp:attachment":[{"href":"https:\/\/valleguanape.com\/ads\/wp-json\/wp\/v2\/media?parent=87"}],"curies":[{"name":"wp","href":"https:\/\/api.w.org\/{rel}","templated":true}]}}